{"id":15,"date":"2026-03-24T13:52:17","date_gmt":"2026-03-24T13:52:17","guid":{"rendered":"https:\/\/wordpress.gfarias.com\/index.php\/front_page\/"},"modified":"2026-03-26T17:04:55","modified_gmt":"2026-03-26T17:04:55","slug":"front_page","status":"publish","type":"page","link":"https:\/\/wordpress.gfarias.com\/","title":{"rendered":"P\u00e1gina Inicial"},"content":{"rendered":"\n<div class=\"wp-block-group alignfull has-global-padding is-layout-constrained wp-container-core-group-is-layout-669513ed wp-block-group-is-layout-constrained\" style=\"margin-top:0;margin-bottom:0;padding-top:var(--wp--preset--spacing--50);padding-right:var(--wp--preset--spacing--50);padding-bottom:var(--wp--preset--spacing--50);padding-left:var(--wp--preset--spacing--50)\">\n<div class=\"wp-block-group is-vertical is-content-justification-center is-layout-flex wp-container-core-group-is-layout-ce155fab wp-block-group-is-layout-flex\">\n<h2 class=\"wp-block-heading has-text-align-center is-style-default has-xx-large-font-size\"><strong>Explore nossos cursos<\/strong><\/h2>\n<\/div>\n\n\n\n<div style=\"height:var(--wp--preset--spacing--30)\" aria-hidden=\"true\" class=\"wp-block-spacer\"><\/div>\n\n\n\n<div class=\"wp-block-columns alignwide is-layout-flex wp-container-core-columns-is-layout-4935966c wp-block-columns-is-layout-flex\" style=\"padding-right:0;padding-left:0\">\n<div class=\"wp-block-column is-layout-flow wp-block-column-is-layout-flow\">\n<figure class=\"wp-block-image size-large is-style-rounded wp-duotone-unset-2 is-style-rounded--1\"><img loading=\"lazy\" decoding=\"async\" width=\"1024\" height=\"683\" src=\"https:\/\/wordpress.gfarias.com\/wp-content\/uploads\/2026\/03\/pexels-yankrukov-7794093-1024x683.jpg\" alt=\"\" class=\"wp-image-92\" style=\"aspect-ratio:1;object-fit:cover\" srcset=\"https:\/\/wordpress.gfarias.com\/wp-content\/uploads\/2026\/03\/pexels-yankrukov-7794093-1024x683.jpg 1024w, https:\/\/wordpress.gfarias.com\/wp-content\/uploads\/2026\/03\/pexels-yankrukov-7794093-300x200.jpg 300w, https:\/\/wordpress.gfarias.com\/wp-content\/uploads\/2026\/03\/pexels-yankrukov-7794093-768x512.jpg 768w, https:\/\/wordpress.gfarias.com\/wp-content\/uploads\/2026\/03\/pexels-yankrukov-7794093-1536x1024.jpg 1536w, https:\/\/wordpress.gfarias.com\/wp-content\/uploads\/2026\/03\/pexels-yankrukov-7794093-2048x1365.jpg 2048w\" sizes=\"auto, (max-width: 1024px) 100vw, 1024px\" \/><\/figure>\n\n\n\n<div class=\"wp-block-group is-vertical is-content-justification-center is-nowrap is-layout-flex wp-container-core-group-is-layout-21d4e958 wp-block-group-is-layout-flex\">\n<p class=\"has-text-align-center has-medium-font-size\"><strong>Gest\u00e3o de Tempo e Produtividade<\/strong><\/p>\n\n\n\n<p class=\"has-text-align-center has-text-color has-link-color has-small-font-size wp-elements-1f1a549b15c945633c2a8f51375d1e5a\" style=\"color:#0b5488\"><strong>Saiba mais<\/strong><\/p>\n<\/div>\n<\/div>\n\n\n\n<div class=\"wp-block-column is-layout-flow wp-block-column-is-layout-flow\">\n<figure class=\"wp-block-image size-full is-style-rounded wp-duotone-unset-4 is-style-rounded--3\"><img loading=\"lazy\" decoding=\"async\" width=\"2560\" height=\"1709\" src=\"https:\/\/wordpress.gfarias.com\/wp-content\/uploads\/2026\/03\/pexels-kampus-8441790-scaled.jpg\" alt=\"\" class=\"wp-image-72\" style=\"aspect-ratio:1;object-fit:cover\" srcset=\"https:\/\/wordpress.gfarias.com\/wp-content\/uploads\/2026\/03\/pexels-kampus-8441790-scaled.jpg 2560w, https:\/\/wordpress.gfarias.com\/wp-content\/uploads\/2026\/03\/pexels-kampus-8441790-300x200.jpg 300w, https:\/\/wordpress.gfarias.com\/wp-content\/uploads\/2026\/03\/pexels-kampus-8441790-1024x684.jpg 1024w, https:\/\/wordpress.gfarias.com\/wp-content\/uploads\/2026\/03\/pexels-kampus-8441790-768x513.jpg 768w, https:\/\/wordpress.gfarias.com\/wp-content\/uploads\/2026\/03\/pexels-kampus-8441790-1536x1025.jpg 1536w, https:\/\/wordpress.gfarias.com\/wp-content\/uploads\/2026\/03\/pexels-kampus-8441790-2048x1367.jpg 2048w\" sizes=\"auto, (max-width: 2560px) 100vw, 2560px\" \/><\/figure>\n\n\n\n<div class=\"wp-block-group is-vertical is-content-justification-center is-nowrap is-layout-flex wp-container-core-group-is-layout-63bfd6c1 wp-block-group-is-layout-flex\">\n<p class=\"has-text-align-center has-medium-font-size\"><strong>Como se Destacar em Entrevistas<\/strong><\/p>\n\n\n\n<p class=\"has-text-align-center has-text-color has-link-color has-small-font-size wp-elements-e5901113b1a0a9dcdd41dd72ded36f1a\" style=\"color:#0b5488\"><strong>Saiba mais<\/strong><\/p>\n<\/div>\n<\/div>\n\n\n\n<div class=\"wp-block-column is-layout-flow wp-block-column-is-layout-flow\">\n<div class=\"wp-block-group has-global-padding is-layout-constrained wp-block-group-is-layout-constrained\">\n<figure class=\"wp-block-image size-full is-style-rounded wp-duotone-unset-6 is-style-rounded--5\"><img loading=\"lazy\" decoding=\"async\" width=\"1707\" height=\"2560\" src=\"https:\/\/wordpress.gfarias.com\/wp-content\/uploads\/2026\/03\/pexels-max-fischer-5212697-scaled.jpg\" alt=\"\" class=\"wp-image-74\" style=\"aspect-ratio:1;object-fit:cover\" srcset=\"https:\/\/wordpress.gfarias.com\/wp-content\/uploads\/2026\/03\/pexels-max-fischer-5212697-scaled.jpg 1707w, https:\/\/wordpress.gfarias.com\/wp-content\/uploads\/2026\/03\/pexels-max-fischer-5212697-200x300.jpg 200w, https:\/\/wordpress.gfarias.com\/wp-content\/uploads\/2026\/03\/pexels-max-fischer-5212697-683x1024.jpg 683w, https:\/\/wordpress.gfarias.com\/wp-content\/uploads\/2026\/03\/pexels-max-fischer-5212697-768x1152.jpg 768w, https:\/\/wordpress.gfarias.com\/wp-content\/uploads\/2026\/03\/pexels-max-fischer-5212697-1024x1536.jpg 1024w, https:\/\/wordpress.gfarias.com\/wp-content\/uploads\/2026\/03\/pexels-max-fischer-5212697-1365x2048.jpg 1365w\" sizes=\"auto, (max-width: 1707px) 100vw, 1707px\" \/><\/figure>\n<\/div>\n\n\n\n<div class=\"wp-block-group is-vertical is-content-justification-center is-nowrap is-layout-flex wp-container-core-group-is-layout-63bfd6c1 wp-block-group-is-layout-flex\">\n<p class=\"has-text-align-center has-medium-font-size\"><strong><strong>Trabalho em Equipe e Lideran\u00e7a<\/strong><\/strong><\/p>\n\n\n\n<p class=\"has-text-align-center has-text-color has-link-color has-small-font-size wp-elements-e5901113b1a0a9dcdd41dd72ded36f1a\" style=\"color:#0b5488\"><strong>Saiba mais<\/strong><\/p>\n<\/div>\n<\/div>\n\n\n\n<div class=\"wp-block-column is-layout-flow wp-block-column-is-layout-flow\">\n<figure class=\"wp-block-image size-full is-style-rounded wp-duotone-unset-8 is-style-rounded--7\"><img loading=\"lazy\" decoding=\"async\" width=\"2560\" height=\"1707\" src=\"https:\/\/wordpress.gfarias.com\/wp-content\/uploads\/2026\/03\/pexels-max-fischer-5212320-scaled.jpg\" alt=\"\" class=\"wp-image-75\" style=\"aspect-ratio:1;object-fit:cover\" srcset=\"https:\/\/wordpress.gfarias.com\/wp-content\/uploads\/2026\/03\/pexels-max-fischer-5212320-scaled.jpg 2560w, https:\/\/wordpress.gfarias.com\/wp-content\/uploads\/2026\/03\/pexels-max-fischer-5212320-300x200.jpg 300w, https:\/\/wordpress.gfarias.com\/wp-content\/uploads\/2026\/03\/pexels-max-fischer-5212320-1024x683.jpg 1024w, https:\/\/wordpress.gfarias.com\/wp-content\/uploads\/2026\/03\/pexels-max-fischer-5212320-768x512.jpg 768w, https:\/\/wordpress.gfarias.com\/wp-content\/uploads\/2026\/03\/pexels-max-fischer-5212320-1536x1024.jpg 1536w, https:\/\/wordpress.gfarias.com\/wp-content\/uploads\/2026\/03\/pexels-max-fischer-5212320-2048x1365.jpg 2048w\" sizes=\"auto, (max-width: 2560px) 100vw, 2560px\" \/><\/figure>\n\n\n\n<div class=\"wp-block-group is-vertical is-content-justification-center is-nowrap is-layout-flex wp-container-core-group-is-layout-21d4e958 wp-block-group-is-layout-flex\">\n<p class=\"has-text-align-center has-medium-font-size\"><strong>Comunica\u00e7\u00e3o Eficaz no Trabalho<\/strong><\/p>\n\n\n\n<p class=\"has-text-align-center has-text-color has-link-color has-small-font-size wp-elements-e5901113b1a0a9dcdd41dd72ded36f1a\" style=\"color:#0b5488\"><strong>Saiba mais<\/strong><\/p>\n<\/div>\n<\/div>\n<\/div>\n<\/div>\n\n\n\n<div class=\"wp-block-columns alignwide is-layout-flex wp-container-core-columns-is-layout-28f84493 wp-block-columns-is-layout-flex\" style=\"border-style:none;border-width:0px\">\n<div class=\"wp-block-column is-vertically-aligned-center is-layout-flow wp-block-column-is-layout-flow\" style=\"flex-basis:40.99%\">\n<h3 class=\"wp-block-heading alignwide\" id=\"we-re-a-studio-in-berlin-with-an-international-practice-in-architecture-urban-planning-and-interior-design-we-believe-in-sharing-knowledge-and-promoting-dialogue-to-increase-the-creative-potential-of-collaboration\" style=\"font-size:clamp(32.518px, 2.032rem + ((1vw - 3.2px) * 2.654), 58px);line-height:1\"><strong>Conhe\u00e7a nossos Professores<\/strong> \u2192<\/h3>\n<\/div>\n\n\n\n<div class=\"wp-block-column is-layout-flow wp-block-column-is-layout-flow\" style=\"flex-basis:59.01%\">\n<div class=\"wp-block-columns is-layout-flex wp-container-core-columns-is-layout-28f84493 wp-block-columns-is-layout-flex\">\n<div class=\"wp-block-column is-layout-flow wp-block-column-is-layout-flow\" style=\"flex-basis:100%\">\n<figure class=\"wp-block-image size-large has-custom-border is-style-rounded is-style-rounded--9\" style=\"margin-right:0;margin-left:0\"><img loading=\"lazy\" decoding=\"async\" width=\"1024\" height=\"683\" src=\"https:\/\/wordpress.gfarias.com\/wp-content\/uploads\/2026\/03\/pexels-thirdman-5257005-1024x683.jpg\" alt=\"\" class=\"has-border-color wp-image-100\" style=\"border-color:#ffffff00;border-width:2px;aspect-ratio:16\/9;object-fit:cover\" srcset=\"https:\/\/wordpress.gfarias.com\/wp-content\/uploads\/2026\/03\/pexels-thirdman-5257005-1024x683.jpg 1024w, https:\/\/wordpress.gfarias.com\/wp-content\/uploads\/2026\/03\/pexels-thirdman-5257005-300x200.jpg 300w, https:\/\/wordpress.gfarias.com\/wp-content\/uploads\/2026\/03\/pexels-thirdman-5257005-768x512.jpg 768w, https:\/\/wordpress.gfarias.com\/wp-content\/uploads\/2026\/03\/pexels-thirdman-5257005-1536x1024.jpg 1536w, https:\/\/wordpress.gfarias.com\/wp-content\/uploads\/2026\/03\/pexels-thirdman-5257005-2048x1365.jpg 2048w\" sizes=\"auto, (max-width: 1024px) 100vw, 1024px\" \/><\/figure>\n<\/div>\n<\/div>\n<\/div>\n<\/div>\n\n\n\n<div style=\"height:100px\" aria-hidden=\"true\" class=\"wp-block-spacer\"><\/div>\n\n\n<h1 style=\"text-align: center;\">Por que escolher nossos cursos?<\/h1>\n\n\n<div class=\"wp-block-group alignwide is-nowrap is-layout-flex wp-container-core-group-is-layout-6c531013 wp-block-group-is-layout-flex\">\n<div class=\"wp-block-columns is-layout-flex wp-container-core-columns-is-layout-28f84493 wp-block-columns-is-layout-flex\">\n<div class=\"wp-block-column is-vertically-aligned-center is-layout-flow wp-block-column-is-layout-flow\" style=\"flex-basis:100%\"><\/div>\n<\/div>\n\n\n\n<figure class=\"wp-block-image size-large has-custom-border is-style-rounded wp-container-content-0cc2a097 is-style-rounded--10\"><img loading=\"lazy\" decoding=\"async\" width=\"1024\" height=\"768\" src=\"https:\/\/wordpress.gfarias.com\/wp-content\/uploads\/2026\/03\/pexels-kampus-5940721-edited-1024x768.jpg\" alt=\"\" class=\"wp-image-103\" style=\"border-top-left-radius:28px;border-top-right-radius:28px;border-bottom-left-radius:28px;border-bottom-right-radius:28px;box-shadow:var(--wp--preset--shadow--natural);aspect-ratio:16\/9;object-fit:cover\" srcset=\"https:\/\/wordpress.gfarias.com\/wp-content\/uploads\/2026\/03\/pexels-kampus-5940721-edited-1024x768.jpg 1024w, https:\/\/wordpress.gfarias.com\/wp-content\/uploads\/2026\/03\/pexels-kampus-5940721-edited-300x225.jpg 300w, https:\/\/wordpress.gfarias.com\/wp-content\/uploads\/2026\/03\/pexels-kampus-5940721-edited-768x576.jpg 768w, https:\/\/wordpress.gfarias.com\/wp-content\/uploads\/2026\/03\/pexels-kampus-5940721-edited-1536x1151.jpg 1536w, https:\/\/wordpress.gfarias.com\/wp-content\/uploads\/2026\/03\/pexels-kampus-5940721-edited-2048x1535.jpg 2048w\" sizes=\"auto, (max-width: 1024px) 100vw, 1024px\" \/><figcaption class=\"wp-element-caption\"><strong>Material para download<\/strong><\/figcaption><\/figure>\n\n\n\n<figure class=\"wp-block-image size-large has-custom-border is-style-rounded wp-container-content-0cc2a097 is-style-rounded--11\"><img loading=\"lazy\" decoding=\"async\" width=\"1024\" height=\"683\" src=\"https:\/\/wordpress.gfarias.com\/wp-content\/uploads\/2026\/03\/pexels-a-darmel-9040539-1024x683.jpg\" alt=\"\" class=\"wp-image-102\" style=\"border-style:none;border-width:0px;border-top-left-radius:28px;border-top-right-radius:28px;border-bottom-left-radius:28px;border-bottom-right-radius:28px;box-shadow:var(--wp--preset--shadow--natural);aspect-ratio:16\/9;object-fit:cover\" srcset=\"https:\/\/wordpress.gfarias.com\/wp-content\/uploads\/2026\/03\/pexels-a-darmel-9040539-1024x683.jpg 1024w, https:\/\/wordpress.gfarias.com\/wp-content\/uploads\/2026\/03\/pexels-a-darmel-9040539-300x200.jpg 300w, https:\/\/wordpress.gfarias.com\/wp-content\/uploads\/2026\/03\/pexels-a-darmel-9040539-768x512.jpg 768w, https:\/\/wordpress.gfarias.com\/wp-content\/uploads\/2026\/03\/pexels-a-darmel-9040539-1536x1024.jpg 1536w, https:\/\/wordpress.gfarias.com\/wp-content\/uploads\/2026\/03\/pexels-a-darmel-9040539-2048x1365.jpg 2048w\" sizes=\"auto, (max-width: 1024px) 100vw, 1024px\" \/><figcaption class=\"wp-element-caption\"><strong>Aulas Gravas <\/strong><\/figcaption><\/figure>\n\n\n\n<figure class=\"wp-block-image size-large has-custom-border\"><img loading=\"lazy\" decoding=\"async\" width=\"1024\" height=\"683\" src=\"https:\/\/wordpress.gfarias.com\/wp-content\/uploads\/2026\/03\/pexels-george-pak-7972735-1024x683.jpg\" alt=\"\" class=\"wp-image-104\" style=\"border-top-left-radius:28px;border-top-right-radius:28px;border-bottom-left-radius:28px;border-bottom-right-radius:28px;box-shadow:var(--wp--preset--shadow--natural);aspect-ratio:16\/9;object-fit:cover\" srcset=\"https:\/\/wordpress.gfarias.com\/wp-content\/uploads\/2026\/03\/pexels-george-pak-7972735-1024x683.jpg 1024w, https:\/\/wordpress.gfarias.com\/wp-content\/uploads\/2026\/03\/pexels-george-pak-7972735-300x200.jpg 300w, https:\/\/wordpress.gfarias.com\/wp-content\/uploads\/2026\/03\/pexels-george-pak-7972735-768x512.jpg 768w, https:\/\/wordpress.gfarias.com\/wp-content\/uploads\/2026\/03\/pexels-george-pak-7972735-1536x1024.jpg 1536w, https:\/\/wordpress.gfarias.com\/wp-content\/uploads\/2026\/03\/pexels-george-pak-7972735-2048x1365.jpg 2048w\" sizes=\"auto, (max-width: 1024px) 100vw, 1024px\" \/><figcaption class=\"wp-element-caption\"><strong>Certificado<\/strong><\/figcaption><\/figure>\n<\/div>\n\n\n\n<div style=\"height:100px\" aria-hidden=\"true\" class=\"wp-block-spacer\"><\/div>\n\n\n\n<div class=\"wp-block-columns alignwide is-layout-flex wp-container-core-columns-is-layout-1a3f87fd wp-block-columns-is-layout-flex\" style=\"margin-top:0;margin-bottom:0;padding-top:0;padding-bottom:0\">\n<div class=\"wp-block-column is-layout-flow wp-block-column-is-layout-flow\" style=\"flex-basis:100%\"><\/div>\n<\/div>\n\n\n\n<div class=\"wp-block-group has-global-padding is-layout-constrained wp-block-group-is-layout-constrained\"><\/div>\n\n\n\n<p><\/p>\n","protected":false},"excerpt":{"rendered":"<p>Explore nossos cursos Gest\u00e3o de Tempo e Produtividade Saiba mais Como se Destacar em Entrevistas Saiba mais Trabalho em Equipe e Lideran\u00e7a Saiba mais Comunica\u00e7\u00e3o Eficaz no Trabalho Saiba mais Conhe\u00e7a nossos Professores \u2192 Por que escolher nossos cursos?<\/p>\n","protected":false},"author":2,"featured_media":0,"parent":0,"menu_order":0,"comment_status":"closed","ping_status":"closed","template":"","meta":{"footnotes":""},"class_list":["post-15","page","type-page","status-publish","hentry"],"yoast_head":"<!-- This site is optimized with the Yoast SEO plugin v27.2 - https:\/\/yoast.com\/product\/yoast-seo-wordpress\/ -->\n<title>P\u00e1gina Inicial - Portal do Conhecimento<\/title>\n<meta name=\"robots\" content=\"noindex, follow, max-snippet:-1, max-image-preview:large, max-video-preview:-1\" \/>\n<meta property=\"og:locale\" content=\"pt_BR\" \/>\n<meta property=\"og:type\" content=\"article\" \/>\n<meta property=\"og:title\" content=\"P\u00e1gina Inicial - Portal do Conhecimento\" \/>\n<meta property=\"og:description\" content=\"Explore nossos cursos Gest\u00e3o de Tempo e Produtividade Saiba mais Como se Destacar em Entrevistas Saiba mais Trabalho em Equipe e Lideran\u00e7a Saiba mais Comunica\u00e7\u00e3o Eficaz no Trabalho Saiba mais Conhe\u00e7a nossos Professores \u2192 Por que escolher nossos cursos?\" \/>\n<meta property=\"og:url\" content=\"https:\/\/wordpress.gfarias.com\/\" \/>\n<meta property=\"og:site_name\" content=\"Portal do Conhecimento\" \/>\n<meta property=\"article:modified_time\" content=\"2026-03-26T17:04:55+00:00\" \/>\n<meta property=\"og:image\" content=\"https:\/\/wordpress.gfarias.com\/wp-content\/uploads\/2026\/03\/pexels-yankrukov-7794093-scaled.jpg\" \/>\n\t<meta property=\"og:image:width\" content=\"2560\" \/>\n\t<meta property=\"og:image:height\" content=\"1707\" \/>\n\t<meta property=\"og:image:type\" content=\"image\/jpeg\" \/>\n<meta name=\"twitter:card\" content=\"summary_large_image\" \/>\n<meta name=\"twitter:label1\" content=\"Est. tempo de leitura\" \/>\n\t<meta name=\"twitter:data1\" content=\"2 minutos\" \/>\n<script type=\"application\/ld+json\" class=\"yoast-schema-graph\">{\"@context\":\"https:\/\/schema.org\",\"@graph\":[{\"@type\":\"WebPage\",\"@id\":\"https:\/\/wordpress.gfarias.com\/\",\"url\":\"https:\/\/wordpress.gfarias.com\/\",\"name\":\"P\u00e1gina Inicial - Portal do Conhecimento\",\"isPartOf\":{\"@id\":\"https:\/\/wordpress.gfarias.com\/#website\"},\"primaryImageOfPage\":{\"@id\":\"https:\/\/wordpress.gfarias.com\/#primaryimage\"},\"image\":{\"@id\":\"https:\/\/wordpress.gfarias.com\/#primaryimage\"},\"thumbnailUrl\":\"https:\/\/wordpress.gfarias.com\/wp-content\/uploads\/2026\/03\/pexels-yankrukov-7794093-1024x683.jpg\",\"datePublished\":\"2026-03-24T13:52:17+00:00\",\"dateModified\":\"2026-03-26T17:04:55+00:00\",\"breadcrumb\":{\"@id\":\"https:\/\/wordpress.gfarias.com\/#breadcrumb\"},\"inLanguage\":\"pt-BR\",\"potentialAction\":[{\"@type\":\"ReadAction\",\"target\":[\"https:\/\/wordpress.gfarias.com\/\"]}]},{\"@type\":\"ImageObject\",\"inLanguage\":\"pt-BR\",\"@id\":\"https:\/\/wordpress.gfarias.com\/#primaryimage\",\"url\":\"https:\/\/wordpress.gfarias.com\/wp-content\/uploads\/2026\/03\/pexels-yankrukov-7794093-scaled.jpg\",\"contentUrl\":\"https:\/\/wordpress.gfarias.com\/wp-content\/uploads\/2026\/03\/pexels-yankrukov-7794093-scaled.jpg\",\"width\":2560,\"height\":1707},{\"@type\":\"BreadcrumbList\",\"@id\":\"https:\/\/wordpress.gfarias.com\/#breadcrumb\",\"itemListElement\":[{\"@type\":\"ListItem\",\"position\":1,\"name\":\"In\u00edcio\",\"item\":\"https:\/\/wordpress.gfarias.com\/\"},{\"@type\":\"ListItem\",\"position\":2,\"name\":\"P\u00e1gina Inicial\"}]},{\"@type\":\"WebSite\",\"@id\":\"https:\/\/wordpress.gfarias.com\/#website\",\"url\":\"https:\/\/wordpress.gfarias.com\/\",\"name\":\"Portal do Conhecimento\",\"description\":\"\",\"publisher\":{\"@id\":\"https:\/\/wordpress.gfarias.com\/#organization\"},\"potentialAction\":[{\"@type\":\"SearchAction\",\"target\":{\"@type\":\"EntryPoint\",\"urlTemplate\":\"https:\/\/wordpress.gfarias.com\/?s={search_term_string}\"},\"query-input\":{\"@type\":\"PropertyValueSpecification\",\"valueRequired\":true,\"valueName\":\"search_term_string\"}}],\"inLanguage\":\"pt-BR\"},{\"@type\":\"Organization\",\"@id\":\"https:\/\/wordpress.gfarias.com\/#organization\",\"name\":\"Portal do Conhecimento\",\"url\":\"https:\/\/wordpress.gfarias.com\/\",\"logo\":{\"@type\":\"ImageObject\",\"inLanguage\":\"pt-BR\",\"@id\":\"https:\/\/wordpress.gfarias.com\/#\/schema\/logo\/image\/\",\"url\":\"https:\/\/wordpress.gfarias.com\/wp-content\/uploads\/2026\/03\/Blue-Minimalist-Education-Academy-Logo-1.png\",\"contentUrl\":\"https:\/\/wordpress.gfarias.com\/wp-content\/uploads\/2026\/03\/Blue-Minimalist-Education-Academy-Logo-1.png\",\"width\":2000,\"height\":2000,\"caption\":\"Portal do Conhecimento\"},\"image\":{\"@id\":\"https:\/\/wordpress.gfarias.com\/#\/schema\/logo\/image\/\"}}]}<\/script>\n<!-- \/ Yoast SEO plugin. -->","yoast_head_json":{"title":"P\u00e1gina Inicial - Portal do Conhecimento","robots":{"index":"noindex","follow":"follow","max-snippet":"max-snippet:-1","max-image-preview":"max-image-preview:large","max-video-preview":"max-video-preview:-1"},"og_locale":"pt_BR","og_type":"article","og_title":"P\u00e1gina Inicial - Portal do Conhecimento","og_description":"Explore nossos cursos Gest\u00e3o de Tempo e Produtividade Saiba mais Como se Destacar em Entrevistas Saiba mais Trabalho em Equipe e Lideran\u00e7a Saiba mais Comunica\u00e7\u00e3o Eficaz no Trabalho Saiba mais Conhe\u00e7a nossos Professores \u2192 Por que escolher nossos cursos?","og_url":"https:\/\/wordpress.gfarias.com\/","og_site_name":"Portal do Conhecimento","article_modified_time":"2026-03-26T17:04:55+00:00","og_image":[{"width":2560,"height":1707,"url":"https:\/\/wordpress.gfarias.com\/wp-content\/uploads\/2026\/03\/pexels-yankrukov-7794093-scaled.jpg","type":"image\/jpeg"}],"twitter_card":"summary_large_image","twitter_misc":{"Est. tempo de leitura":"2 minutos"},"schema":{"@context":"https:\/\/schema.org","@graph":[{"@type":"WebPage","@id":"https:\/\/wordpress.gfarias.com\/","url":"https:\/\/wordpress.gfarias.com\/","name":"P\u00e1gina Inicial - Portal do Conhecimento","isPartOf":{"@id":"https:\/\/wordpress.gfarias.com\/#website"},"primaryImageOfPage":{"@id":"https:\/\/wordpress.gfarias.com\/#primaryimage"},"image":{"@id":"https:\/\/wordpress.gfarias.com\/#primaryimage"},"thumbnailUrl":"https:\/\/wordpress.gfarias.com\/wp-content\/uploads\/2026\/03\/pexels-yankrukov-7794093-1024x683.jpg","datePublished":"2026-03-24T13:52:17+00:00","dateModified":"2026-03-26T17:04:55+00:00","breadcrumb":{"@id":"https:\/\/wordpress.gfarias.com\/#breadcrumb"},"inLanguage":"pt-BR","potentialAction":[{"@type":"ReadAction","target":["https:\/\/wordpress.gfarias.com\/"]}]},{"@type":"ImageObject","inLanguage":"pt-BR","@id":"https:\/\/wordpress.gfarias.com\/#primaryimage","url":"https:\/\/wordpress.gfarias.com\/wp-content\/uploads\/2026\/03\/pexels-yankrukov-7794093-scaled.jpg","contentUrl":"https:\/\/wordpress.gfarias.com\/wp-content\/uploads\/2026\/03\/pexels-yankrukov-7794093-scaled.jpg","width":2560,"height":1707},{"@type":"BreadcrumbList","@id":"https:\/\/wordpress.gfarias.com\/#breadcrumb","itemListElement":[{"@type":"ListItem","position":1,"name":"In\u00edcio","item":"https:\/\/wordpress.gfarias.com\/"},{"@type":"ListItem","position":2,"name":"P\u00e1gina Inicial"}]},{"@type":"WebSite","@id":"https:\/\/wordpress.gfarias.com\/#website","url":"https:\/\/wordpress.gfarias.com\/","name":"Portal do Conhecimento","description":"","publisher":{"@id":"https:\/\/wordpress.gfarias.com\/#organization"},"potentialAction":[{"@type":"SearchAction","target":{"@type":"EntryPoint","urlTemplate":"https:\/\/wordpress.gfarias.com\/?s={search_term_string}"},"query-input":{"@type":"PropertyValueSpecification","valueRequired":true,"valueName":"search_term_string"}}],"inLanguage":"pt-BR"},{"@type":"Organization","@id":"https:\/\/wordpress.gfarias.com\/#organization","name":"Portal do Conhecimento","url":"https:\/\/wordpress.gfarias.com\/","logo":{"@type":"ImageObject","inLanguage":"pt-BR","@id":"https:\/\/wordpress.gfarias.com\/#\/schema\/logo\/image\/","url":"https:\/\/wordpress.gfarias.com\/wp-content\/uploads\/2026\/03\/Blue-Minimalist-Education-Academy-Logo-1.png","contentUrl":"https:\/\/wordpress.gfarias.com\/wp-content\/uploads\/2026\/03\/Blue-Minimalist-Education-Academy-Logo-1.png","width":2000,"height":2000,"caption":"Portal do Conhecimento"},"image":{"@id":"https:\/\/wordpress.gfarias.com\/#\/schema\/logo\/image\/"}}]}},"_links":{"self":[{"href":"https:\/\/wordpress.gfarias.com\/index.php\/wp-json\/wp\/v2\/pages\/15","targetHints":{"allow":["GET"]}}],"collection":[{"href":"https:\/\/wordpress.gfarias.com\/index.php\/wp-json\/wp\/v2\/pages"}],"about":[{"href":"https:\/\/wordpress.gfarias.com\/index.php\/wp-json\/wp\/v2\/types\/page"}],"author":[{"embeddable":true,"href":"https:\/\/wordpress.gfarias.com\/index.php\/wp-json\/wp\/v2\/users\/2"}],"replies":[{"embeddable":true,"href":"https:\/\/wordpress.gfarias.com\/index.php\/wp-json\/wp\/v2\/comments?post=15"}],"version-history":[{"count":22,"href":"https:\/\/wordpress.gfarias.com\/index.php\/wp-json\/wp\/v2\/pages\/15\/revisions"}],"predecessor-version":[{"id":130,"href":"https:\/\/wordpress.gfarias.com\/index.php\/wp-json\/wp\/v2\/pages\/15\/revisions\/130"}],"wp:attachment":[{"href":"https:\/\/wordpress.gfarias.com\/index.php\/wp-json\/wp\/v2\/media?parent=15"}],"curies":[{"name":"wp","href":"https:\/\/api.w.org\/{rel}","templated":true}]}}